{"id":8005,"date":"2018-07-16T08:26:43","date_gmt":"2018-07-16T08:26:43","guid":{"rendered":"https:\/\/cetrersa.com\/?page_id=8005"},"modified":"2024-03-11T03:50:58","modified_gmt":"2024-03-11T03:50:58","slug":"founding-members","status":"publish","type":"page","link":"https:\/\/cetrersa.com\/en\/founding-members\/","title":{"rendered":"Founding Members"},"content":{"rendered":"<section class=\"wpb-content-wrapper\"><p>[vc_section full_width=&#8221;stretch_row&#8221; css=&#8221;.vc_custom_1531809957428{margin-top: 0px !important;margin-bottom: 0px !important;padding-top: 90px !important;padding-bottom: 100px !important;background-image: url(https:\/\/cetrersa.com\/en\/wp-content\/uploads\/2018\/06\/background.jpg-image7.jpg?id=7868) !important;}&#8221; el_class=&#8221;background-position-top-custom&#8221;][vc_row full_width=&#8221;stretch_row&#8221; equal_height=&#8221;yes&#8221; css=&#8221;.vc_custom_1531976935584{margin-top: 0px !important;margin-bottom: 0px !important;padding-top: 45px !important;padding-bottom: 0px !important;}&#8221;][vc_column css=&#8221;.vc_custom_1702250333800{margin-top: 0px !important;margin-bottom: 0px !important;padding-top: 179px !important;padding-right: 0px !important;padding-bottom: 179px !important;padding-left: 0px !important;background-image: url(https:\/\/cetrersa.com\/en\/wp-content\/uploads\/2023\/12\/Fundadores-Centro-de-Hemodialisis-Panama.jpg?id=8722) !important;background-position: center !important;background-repeat: no-repeat !important;background-size: cover !important;}&#8221; offset=&#8221;vc_col-lg-6 vc_col-md-6 vc_col-xs-12&#8243;][\/vc_column][vc_column css=&#8221;.vc_custom_1531810020038{margin-top: 0px !important;margin-bottom: 0px !important;padding-top: 64px !important;padding-right: 70px !important;padding-bottom: 70px !important;padding-left: 30px !important;background-color: #fafafa !important;}&#8221; offset=&#8221;vc_col-lg-6 vc_col-md-5 vc_col-xs-12&#8243;][vc_custom_heading text=&#8221;Founding Members&#8221; font_container=&#8221;tag:h3|font_size:20px|text_align:left|color:%23383838|line_height:26px&#8221; use_theme_fonts=&#8221;yes&#8221; css_animation=&#8221;fadeInUp&#8221; css=&#8221;.vc_custom_1710114660098{margin-top: 0px !important;margin-bottom: 0px !important;padding-top: 0px !important;padding-bottom: 0px !important;}&#8221;][vc_custom_heading text=&#8221;Ing. \u00c1lvaro Antadillas, Dr. Arturo Wong (Q.E.P.D), Dr. Carlos E. Vaccaro T., Dr. C\u00e9sar J. Cuero Z., Dr. Jos\u00e9 A. Manzanares M., Dr. El\u00edas A. P\u00e9rez Guardia, Dr. Eduardo Tomas (Q.E.P.D).&#8221; font_container=&#8221;tag:p|text_align:justify|color:%23434343&#8243; use_theme_fonts=&#8221;yes&#8221; css_animation=&#8221;fadeInUp&#8221; css=&#8221;.vc_custom_1710114689651{margin-top: 15px !important;margin-bottom: 0px !important;padding-top: 0px !important;padding-bottom: 0px !important;}&#8221;][\/vc_column][\/vc_row][\/vc_section]<\/p>\n<\/section>","protected":false},"excerpt":{"rendered":"<p>[vc_section full_width=&#8221;stretch_row&#8221; css=&#8221;.vc_custom_1531809957428{margin-top: 0px !important;margin-bottom: 0px !important;padding-top: 90px !important;padding-bottom: 100px !important;background-image: url(https:\/\/cetrersa.com\/en\/wp-content\/uploads\/2018\/06\/background.jpg-image7.jpg?id=7868) !important;}&#8221; el_class=&#8221;background-position-top-custom&#8221;][vc_row full_width=&#8221;stretch_row&#8221; equal_height=&#8221;yes&#8221; css=&#8221;.vc_custom_1531976935584{margin-top: 0px !important;margin-bottom: 0px !important;padding-top: 45px !important;padding-bottom: 0px !important;}&#8221;][vc_column css=&#8221;.vc_custom_1702250333800{margin-top: 0px !important;margin-bottom: 0px !important;padding-top: 179px !important;padding-right: 0px !important;padding-bottom: 179px !important;padding-left: 0px !important;background-image: url(https:\/\/cetrersa.com\/en\/wp-content\/uploads\/2023\/12\/Fundadores-Centro-de-Hemodialisis-Panama.jpg?id=8722) !important;background-position: center !important;background-repeat: no-repeat !important;background-size: cover !important;}&#8221; offset=&#8221;vc_col-lg-6 vc_col-md-6 vc_col-xs-12&#8243;][\/vc_column][vc_column css=&#8221;.vc_custom_1531810020038{margin-top: 0px !important;margin-bottom: 0px !important;padding-top: 64px [&hellip;]<\/p>\n","protected":false},"author":1,"featured_media":0,"parent":0,"menu_order":0,"comment_status":"closed","ping_status":"closed","template":"","meta":{"footnotes":""},"class_list":["post-8005","page","type-page","status-publish","hentry"],"yoast_head":"<!-- This site is optimized with the Yoast SEO plugin v27.4 - https:\/\/yoast.com\/product\/yoast-seo-wordpress\/ -->\n<title>Founding Members - Cetrersa<\/title>\n<meta name=\"robots\" content=\"index, follow, max-snippet:-1, max-image-preview:large, max-video-preview:-1\" \/>\n<link rel=\"canonical\" href=\"https:\/\/cetrersa.com\/en\/founding-members\/\" \/>\n<meta property=\"og:locale\" content=\"es_ES\" \/>\n<meta property=\"og:type\" content=\"article\" \/>\n<meta property=\"og:title\" content=\"Founding Members - Cetrersa\" \/>\n<meta property=\"og:description\" content=\"[vc_section full_width=&#8221;stretch_row&#8221; css=&#8221;.vc_custom_1531809957428{margin-top: 0px !important;margin-bottom: 0px !important;padding-top: 90px !important;padding-bottom: 100px !important;background-image: url(https:\/\/cetrersa.com\/en\/wp-content\/uploads\/2018\/06\/background.jpg-image7.jpg?id=7868) !important;}&#8221; el_class=&#8221;background-position-top-custom&#8221;][vc_row full_width=&#8221;stretch_row&#8221; equal_height=&#8221;yes&#8221; css=&#8221;.vc_custom_1531976935584{margin-top: 0px !important;margin-bottom: 0px !important;padding-top: 45px !important;padding-bottom: 0px !important;}&#8221;][vc_column css=&#8221;.vc_custom_1702250333800{margin-top: 0px !important;margin-bottom: 0px !important;padding-top: 179px !important;padding-right: 0px !important;padding-bottom: 179px !important;padding-left: 0px !important;background-image: url(https:\/\/cetrersa.com\/en\/wp-content\/uploads\/2023\/12\/Fundadores-Centro-de-Hemodialisis-Panama.jpg?id=8722) !important;background-position: center !important;background-repeat: no-repeat !important;background-size: cover !important;}&#8221; offset=&#8221;vc_col-lg-6 vc_col-md-6 vc_col-xs-12&#8243;][\/vc_column][vc_column css=&#8221;.vc_custom_1531810020038{margin-top: 0px !important;margin-bottom: 0px !important;padding-top: 64px [&hellip;]\" \/>\n<meta property=\"og:url\" content=\"https:\/\/cetrersa.com\/en\/founding-members\/\" \/>\n<meta property=\"og:site_name\" content=\"Cetrersa\" \/>\n<meta property=\"article:publisher\" content=\"https:\/\/www.instagram.com\/cetrersa\" \/>\n<meta property=\"article:modified_time\" content=\"2024-03-11T03:50:58+00:00\" \/>\n<meta name=\"twitter:card\" content=\"summary_large_image\" \/>\n<meta name=\"twitter:label1\" content=\"Tiempo de lectura\" \/>\n\t<meta name=\"twitter:data1\" content=\"1 minuto\" \/>\n<script type=\"application\/ld+json\" class=\"yoast-schema-graph\">{\"@context\":\"https:\\\/\\\/schema.org\",\"@graph\":[{\"@type\":\"WebPage\",\"@id\":\"https:\\\/\\\/cetrersa.com\\\/en\\\/founding-members\\\/\",\"url\":\"https:\\\/\\\/cetrersa.com\\\/en\\\/founding-members\\\/\",\"name\":\"Founding Members - Cetrersa\",\"isPartOf\":{\"@id\":\"https:\\\/\\\/cetrersa.com\\\/en\\\/#website\"},\"datePublished\":\"2018-07-16T08:26:43+00:00\",\"dateModified\":\"2024-03-11T03:50:58+00:00\",\"breadcrumb\":{\"@id\":\"https:\\\/\\\/cetrersa.com\\\/en\\\/founding-members\\\/#breadcrumb\"},\"inLanguage\":\"es\",\"potentialAction\":[{\"@type\":\"ReadAction\",\"target\":[\"https:\\\/\\\/cetrersa.com\\\/en\\\/founding-members\\\/\"]}]},{\"@type\":\"BreadcrumbList\",\"@id\":\"https:\\\/\\\/cetrersa.com\\\/en\\\/founding-members\\\/#breadcrumb\",\"itemListElement\":[{\"@type\":\"ListItem\",\"position\":1,\"name\":\"Portada\",\"item\":\"https:\\\/\\\/cetrersa.com\\\/en\\\/\"},{\"@type\":\"ListItem\",\"position\":2,\"name\":\"Founding Members\"}]},{\"@type\":\"WebSite\",\"@id\":\"https:\\\/\\\/cetrersa.com\\\/en\\\/#website\",\"url\":\"https:\\\/\\\/cetrersa.com\\\/en\\\/\",\"name\":\"Cetrersa\",\"description\":\"\",\"publisher\":{\"@id\":\"https:\\\/\\\/cetrersa.com\\\/en\\\/#organization\"},\"potentialAction\":[{\"@type\":\"SearchAction\",\"target\":{\"@type\":\"EntryPoint\",\"urlTemplate\":\"https:\\\/\\\/cetrersa.com\\\/en\\\/?s={search_term_string}\"},\"query-input\":{\"@type\":\"PropertyValueSpecification\",\"valueRequired\":true,\"valueName\":\"search_term_string\"}}],\"inLanguage\":\"es\"},{\"@type\":\"Organization\",\"@id\":\"https:\\\/\\\/cetrersa.com\\\/en\\\/#organization\",\"name\":\"centro de tratamiento de enfermedades renales (CETRERSA)\",\"url\":\"https:\\\/\\\/cetrersa.com\\\/en\\\/\",\"logo\":{\"@type\":\"ImageObject\",\"inLanguage\":\"es\",\"@id\":\"https:\\\/\\\/cetrersa.com\\\/en\\\/#\\\/schema\\\/logo\\\/image\\\/\",\"url\":\"https:\\\/\\\/cetrersa.com\\\/en\\\/wp-content\\\/uploads\\\/2023\\\/10\\\/logo_Cetrersa.png\",\"contentUrl\":\"https:\\\/\\\/cetrersa.com\\\/en\\\/wp-content\\\/uploads\\\/2023\\\/10\\\/logo_Cetrersa.png\",\"width\":236,\"height\":62,\"caption\":\"centro de tratamiento de enfermedades renales (CETRERSA)\"},\"image\":{\"@id\":\"https:\\\/\\\/cetrersa.com\\\/en\\\/#\\\/schema\\\/logo\\\/image\\\/\"},\"sameAs\":[\"https:\\\/\\\/www.instagram.com\\\/cetrersa\"]}]}<\/script>\n<!-- \/ Yoast SEO plugin. -->","yoast_head_json":{"title":"Founding Members - Cetrersa","robots":{"index":"index","follow":"follow","max-snippet":"max-snippet:-1","max-image-preview":"max-image-preview:large","max-video-preview":"max-video-preview:-1"},"canonical":"https:\/\/cetrersa.com\/en\/founding-members\/","og_locale":"es_ES","og_type":"article","og_title":"Founding Members - Cetrersa","og_description":"[vc_section full_width=&#8221;stretch_row&#8221; css=&#8221;.vc_custom_1531809957428{margin-top: 0px !important;margin-bottom: 0px !important;padding-top: 90px !important;padding-bottom: 100px !important;background-image: url(https:\/\/cetrersa.com\/en\/wp-content\/uploads\/2018\/06\/background.jpg-image7.jpg?id=7868) !important;}&#8221; el_class=&#8221;background-position-top-custom&#8221;][vc_row full_width=&#8221;stretch_row&#8221; equal_height=&#8221;yes&#8221; css=&#8221;.vc_custom_1531976935584{margin-top: 0px !important;margin-bottom: 0px !important;padding-top: 45px !important;padding-bottom: 0px !important;}&#8221;][vc_column css=&#8221;.vc_custom_1702250333800{margin-top: 0px !important;margin-bottom: 0px !important;padding-top: 179px !important;padding-right: 0px !important;padding-bottom: 179px !important;padding-left: 0px !important;background-image: url(https:\/\/cetrersa.com\/en\/wp-content\/uploads\/2023\/12\/Fundadores-Centro-de-Hemodialisis-Panama.jpg?id=8722) !important;background-position: center !important;background-repeat: no-repeat !important;background-size: cover !important;}&#8221; offset=&#8221;vc_col-lg-6 vc_col-md-6 vc_col-xs-12&#8243;][\/vc_column][vc_column css=&#8221;.vc_custom_1531810020038{margin-top: 0px !important;margin-bottom: 0px !important;padding-top: 64px [&hellip;]","og_url":"https:\/\/cetrersa.com\/en\/founding-members\/","og_site_name":"Cetrersa","article_publisher":"https:\/\/www.instagram.com\/cetrersa","article_modified_time":"2024-03-11T03:50:58+00:00","twitter_card":"summary_large_image","twitter_misc":{"Tiempo de lectura":"1 minuto"},"schema":{"@context":"https:\/\/schema.org","@graph":[{"@type":"WebPage","@id":"https:\/\/cetrersa.com\/en\/founding-members\/","url":"https:\/\/cetrersa.com\/en\/founding-members\/","name":"Founding Members - Cetrersa","isPartOf":{"@id":"https:\/\/cetrersa.com\/en\/#website"},"datePublished":"2018-07-16T08:26:43+00:00","dateModified":"2024-03-11T03:50:58+00:00","breadcrumb":{"@id":"https:\/\/cetrersa.com\/en\/founding-members\/#breadcrumb"},"inLanguage":"es","potentialAction":[{"@type":"ReadAction","target":["https:\/\/cetrersa.com\/en\/founding-members\/"]}]},{"@type":"BreadcrumbList","@id":"https:\/\/cetrersa.com\/en\/founding-members\/#breadcrumb","itemListElement":[{"@type":"ListItem","position":1,"name":"Portada","item":"https:\/\/cetrersa.com\/en\/"},{"@type":"ListItem","position":2,"name":"Founding Members"}]},{"@type":"WebSite","@id":"https:\/\/cetrersa.com\/en\/#website","url":"https:\/\/cetrersa.com\/en\/","name":"Cetrersa","description":"","publisher":{"@id":"https:\/\/cetrersa.com\/en\/#organization"},"potentialAction":[{"@type":"SearchAction","target":{"@type":"EntryPoint","urlTemplate":"https:\/\/cetrersa.com\/en\/?s={search_term_string}"},"query-input":{"@type":"PropertyValueSpecification","valueRequired":true,"valueName":"search_term_string"}}],"inLanguage":"es"},{"@type":"Organization","@id":"https:\/\/cetrersa.com\/en\/#organization","name":"centro de tratamiento de enfermedades renales (CETRERSA)","url":"https:\/\/cetrersa.com\/en\/","logo":{"@type":"ImageObject","inLanguage":"es","@id":"https:\/\/cetrersa.com\/en\/#\/schema\/logo\/image\/","url":"https:\/\/cetrersa.com\/en\/wp-content\/uploads\/2023\/10\/logo_Cetrersa.png","contentUrl":"https:\/\/cetrersa.com\/en\/wp-content\/uploads\/2023\/10\/logo_Cetrersa.png","width":236,"height":62,"caption":"centro de tratamiento de enfermedades renales (CETRERSA)"},"image":{"@id":"https:\/\/cetrersa.com\/en\/#\/schema\/logo\/image\/"},"sameAs":["https:\/\/www.instagram.com\/cetrersa"]}]}},"_links":{"self":[{"href":"https:\/\/cetrersa.com\/en\/wp-json\/wp\/v2\/pages\/8005","targetHints":{"allow":["GET"]}}],"collection":[{"href":"https:\/\/cetrersa.com\/en\/wp-json\/wp\/v2\/pages"}],"about":[{"href":"https:\/\/cetrersa.com\/en\/wp-json\/wp\/v2\/types\/page"}],"author":[{"embeddable":true,"href":"https:\/\/cetrersa.com\/en\/wp-json\/wp\/v2\/users\/1"}],"replies":[{"embeddable":true,"href":"https:\/\/cetrersa.com\/en\/wp-json\/wp\/v2\/comments?post=8005"}],"version-history":[{"count":14,"href":"https:\/\/cetrersa.com\/en\/wp-json\/wp\/v2\/pages\/8005\/revisions"}],"predecessor-version":[{"id":9019,"href":"https:\/\/cetrersa.com\/en\/wp-json\/wp\/v2\/pages\/8005\/revisions\/9019"}],"wp:attachment":[{"href":"https:\/\/cetrersa.com\/en\/wp-json\/wp\/v2\/media?parent=8005"}],"curies":[{"name":"wp","href":"https:\/\/api.w.org\/{rel}","templated":true}]}}